{"id":106,"date":"2018-10-07T19:06:46","date_gmt":"2018-10-07T19:06:46","guid":{"rendered":"https:\/\/corestone.site\/?page_id=106"},"modified":"2024-12-15T14:52:14","modified_gmt":"2024-12-15T13:52:14","slug":"what-we-do","status":"publish","type":"page","link":"https:\/\/www.corestone.ch\/de\/what-we-do\/","title":{"rendered":"Was wir machen"},"content":{"rendered":"<div data-elementor-type=\"wp-post\" data-elementor-id=\"106\" class=\"elementor elementor-106\" data-elementor-post-type=\"page\">\n\t\t\t\t\t\t<section class=\"elementor-section elementor-top-section elementor-element elementor-element-7e886c21 elementor-section-height-min-height elementor-section-stretched elementor-section-boxed elementor-section-height-default elementor-section-items-middle\" data-id=\"7e886c21\" data-element_type=\"section\" data-settings=\"{&quot;background_background&quot;:&quot;classic&quot;,&quot;stretch_section&quot;:&quot;section-stretched&quot;}\">\n\t\t\t\t\t\t<div class=\"elementor-container elementor-column-gap-default\">\n\t\t\t\t\t<div class=\"elementor-column elementor-col-100 elementor-top-column elementor-element elementor-element-7752df47\" data-id=\"7752df47\" data-element_type=\"column\">\n\t\t\t<div class=\"elementor-widget-wrap\">\n\t\t\t\t\t\t\t<\/div>\n\t\t<\/div>\n\t\t\t\t\t<\/div>\n\t\t<\/section>\n\t\t\t\t<section class=\"elementor-section elementor-top-section elementor-element elementor-element-bf6927a elementor-section-boxed elementor-section-height-default elementor-section-height-default\" data-id=\"bf6927a\" data-element_type=\"section\">\n\t\t\t\t\t\t<div class=\"elementor-container elementor-column-gap-default\">\n\t\t\t\t\t<div class=\"elementor-column elementor-col-100 elementor-top-column elementor-element elementor-element-af7754a\" data-id=\"af7754a\" data-element_type=\"column\">\n\t\t\t<div class=\"elementor-widget-wrap elementor-element-populated\">\n\t\t\t\t\t\t<div class=\"elementor-element elementor-element-32c7c4b elementor-widget elementor-widget-spacer\" data-id=\"32c7c4b\" data-element_type=\"widget\" data-widget_type=\"spacer.default\">\n\t\t\t\t<div class=\"elementor-widget-container\">\n\t\t\t\t\t\t\t<div class=\"elementor-spacer\">\n\t\t\t<div class=\"elementor-spacer-inner\"><\/div>\n\t\t<\/div>\n\t\t\t\t\t\t<\/div>\n\t\t\t\t<\/div>\n\t\t\t\t\t<\/div>\n\t\t<\/div>\n\t\t\t\t\t<\/div>\n\t\t<\/section>\n\t\t\t\t<section class=\"elementor-section elementor-top-section elementor-element elementor-element-eba0184 elementor-section-boxed elementor-section-height-default elementor-section-height-default\" data-id=\"eba0184\" data-element_type=\"section\">\n\t\t\t\t\t\t<div class=\"elementor-container elementor-column-gap-default\">\n\t\t\t\t\t<div class=\"elementor-column elementor-col-100 elementor-top-column elementor-element elementor-element-7e13b23\" data-id=\"7e13b23\" data-element_type=\"column\">\n\t\t\t<div class=\"elementor-widget-wrap elementor-element-populated\">\n\t\t\t\t\t\t<div class=\"elementor-element elementor-element-70d7ad4 elementor-widget elementor-widget-heading\" data-id=\"70d7ad4\" data-element_type=\"widget\" data-widget_type=\"heading.default\">\n\t\t\t\t<div class=\"elementor-widget-container\">\n\t\t\t\t\t<h2 class=\"elementor-heading-title elementor-size-default\">Was wir machen<\/h2>\t\t\t\t<\/div>\n\t\t\t\t<\/div>\n\t\t\t\t<section class=\"elementor-section elementor-inner-section elementor-element elementor-element-d054af1 elementor-section-boxed elementor-section-height-default elementor-section-height-default\" data-id=\"d054af1\" data-element_type=\"section\">\n\t\t\t\t\t\t<div class=\"elementor-container elementor-column-gap-default\">\n\t\t\t\t\t<div class=\"elementor-column elementor-col-100 elementor-inner-column elementor-element elementor-element-faf7985\" data-id=\"faf7985\" data-element_type=\"column\">\n\t\t\t<div class=\"elementor-widget-wrap elementor-element-populated\">\n\t\t\t\t\t\t<div class=\"elementor-element elementor-element-a27d6b5 elementor-widget elementor-widget-text-editor\" data-id=\"a27d6b5\" data-element_type=\"widget\" data-widget_type=\"text-editor.default\">\n\t\t\t\t<div class=\"elementor-widget-container\">\n\t\t\t\t\t\t\t\t\t<p>Corestone bietet sein Fachwissen Unternehmern, Investoren und Privatkunden an und arbeitet mit Kunden in verschiedenen Konstellationen zusammen. Als Investmentgesellschaft konzentrieren wir uns auf herausragende Anlageperformance und  hervorragenden Kundenservice, um die gesetzten Ziele zu erreichen. Als Partner investieren wir zusammen mit unseren Kunden in ausgew\u00e4hlten Anlagen und Transaktionen.<\/p>\n<h3><strong>1. Corestone Investment Office<\/strong><\/h3>\n<p>Wir konzentrieren uns auf Anlageberatung, strukturierte Verm\u00f6gensplanung und verwalten ma\u00dfgeschneiderte, zielorientierte Anlageportfolios. Unsere Kunden genie\u00dfen die gleiche Anlagequalit\u00e4t wie gro\u00dfe institutionelle Anleger. In unserem Anlageprozess kombinieren wir die besten Eigenschaften von aktivem und passivem Management, einschlie\u00dflich eines dynamischen Asset-Allokations-Ansatzes und opportunistischer, themenbezogener Investitionen. Entscheidend ist, dass wir einen diversifizierten Ansatz verfolgen, um Risikopr\u00e4mien aus so vielen Quellen wie m\u00f6glich zu nutzen.<\/p>\n<h3><strong>2. Corestone Investment Partners<\/strong><\/h3>\n<p>Corestone ist ein privater Investmentmanager, der seine F\u00e4higkeiten im Bereich institutioneller Anlagen durch die Beratung bei Investitionsprojekten und Transaktionen erg\u00e4nzt. Das Team von Corestone Investment Partners unterst\u00fctzt Unternehmer, Stiftungen und Family Offices bei der Strukturierung von Investmentverm\u00f6gen, der Teilnahme an Investmenttransaktionen oder der Initiierung von Investmentprojekten, um die Bed\u00fcrfnisse der Kunden zu erf\u00fcllen. Beispiele hierf\u00fcr sind privat initiierte Fondsstrukturen, Co-Investments, und Transaktionen in von Kunden ausgew\u00e4hlte Investitionsm\u00f6glichkeiten. Wir legen Wert auf zielgerichtetes Investieren mit der besten Mischung von Anlagestrategien und w\u00e4hlen opportunistisch erg\u00e4nzende Investitionsprojekte aus, um die sich entwickelnden Bed\u00fcrfnisse unserer Kunden zu erf\u00fcllen.<\/p>\t\t\t\t\t\t\t\t<\/div>\n\t\t\t\t<\/div>\n\t\t\t\t\t<\/div>\n\t\t<\/div>\n\t\t\t\t\t<\/div>\n\t\t<\/section>\n\t\t\t\t\t<\/div>\n\t\t<\/div>\n\t\t\t\t\t<\/div>\n\t\t<\/section>\n\t\t\t\t<section class=\"elementor-section elementor-top-section elementor-element elementor-element-8733752 elementor-section-boxed elementor-section-height-default elementor-section-height-default\" data-id=\"8733752\" data-element_type=\"section\">\n\t\t\t\t\t\t<div class=\"elementor-container elementor-column-gap-default\">\n\t\t\t\t\t<div class=\"elementor-column elementor-col-100 elementor-top-column elementor-element elementor-element-3672ba9\" data-id=\"3672ba9\" data-element_type=\"column\">\n\t\t\t<div class=\"elementor-widget-wrap elementor-element-populated\">\n\t\t\t\t\t\t<div class=\"elementor-element elementor-element-bfcb223 elementor-widget elementor-widget-spacer\" data-id=\"bfcb223\" data-element_type=\"widget\" data-widget_type=\"spacer.default\">\n\t\t\t\t<div class=\"elementor-widget-container\">\n\t\t\t\t\t\t\t<div class=\"elementor-spacer\">\n\t\t\t<div class=\"elementor-spacer-inner\"><\/div>\n\t\t<\/div>\n\t\t\t\t\t\t<\/div>\n\t\t\t\t<\/div>\n\t\t\t\t\t<\/div>\n\t\t<\/div>\n\t\t\t\t\t<\/div>\n\t\t<\/section>\n\t\t\t\t<section class=\"elementor-section elementor-top-section elementor-element elementor-element-81542a4 elementor-section-boxed elementor-section-height-default elementor-section-height-default\" data-id=\"81542a4\" data-element_type=\"section\">\n\t\t\t\t\t\t<div class=\"elementor-container elementor-column-gap-default\">\n\t\t\t\t\t<div class=\"elementor-column elementor-col-100 elementor-top-column elementor-element elementor-element-08bc90c\" data-id=\"08bc90c\" data-element_type=\"column\">\n\t\t\t<div class=\"elementor-widget-wrap elementor-element-populated\">\n\t\t\t\t\t\t<section class=\"elementor-section elementor-inner-section elementor-element elementor-element-649934f elementor-section-boxed elementor-section-height-default elementor-section-height-default\" data-id=\"649934f\" data-element_type=\"section\">\n\t\t\t\t\t\t<div class=\"elementor-container elementor-column-gap-default\">\n\t\t\t\t\t<div class=\"elementor-column elementor-col-50 elementor-inner-column elementor-element elementor-element-babdaeb\" data-id=\"babdaeb\" data-element_type=\"column\">\n\t\t\t<div class=\"elementor-widget-wrap elementor-element-populated\">\n\t\t\t\t\t\t<div class=\"elementor-element elementor-element-e01830c elementor-widget elementor-widget-image\" data-id=\"e01830c\" data-element_type=\"widget\" data-widget_type=\"image.default\">\n\t\t\t\t<div class=\"elementor-widget-container\">\n\t\t\t\t\t\t\t\t\t\t\t\t\t\t\t<img decoding=\"async\" src=\"https:\/\/www.corestone.ch\/wp-content\/uploads\/elementor\/thumbs\/jeremy-thomas-75753-unsplash-oar660lywcby0kvnm1hgkyyv47f642hffmo7s9ua2w.jpg\" title=\"jeremy-thomas-75753-unsplash\" alt=\"jeremy-thomas-75753-unsplash\" loading=\"lazy\" \/>\t\t\t\t\t\t\t\t\t\t\t\t\t\t\t<\/div>\n\t\t\t\t<\/div>\n\t\t\t\t\t<\/div>\n\t\t<\/div>\n\t\t\t\t<div class=\"elementor-column elementor-col-50 elementor-inner-column elementor-element elementor-element-0ac6e82\" data-id=\"0ac6e82\" data-element_type=\"column\">\n\t\t\t<div class=\"elementor-widget-wrap elementor-element-populated\">\n\t\t\t\t\t\t<div class=\"elementor-element elementor-element-c53c41d elementor-widget elementor-widget-heading\" data-id=\"c53c41d\" data-element_type=\"widget\" data-widget_type=\"heading.default\">\n\t\t\t\t<div class=\"elementor-widget-container\">\n\t\t\t\t\t<h2 class=\"elementor-heading-title elementor-size-default\">Unsere Anlagephilosophie <\/h2>\t\t\t\t<\/div>\n\t\t\t\t<\/div>\n\t\t\t\t<div class=\"elementor-element elementor-element-b01ab76 elementor-widget elementor-widget-text-editor\" data-id=\"b01ab76\" data-element_type=\"widget\" data-widget_type=\"text-editor.default\">\n\t\t\t\t<div class=\"elementor-widget-container\">\n\t\t\t\t\t\t\t\t\t<p>Wir sind davon \u00fcberzeugt, dass ein ganzheitlicher Anlageprozess der beste Weg ist, um eine solide Performance \u00fcber den gesamten Gesch\u00e4fts- und Marktzyklus hinweg zu erzielen.<\/p><ul><li><strong>Langfristiger Fokus:<\/strong> Portfolios sollten \u00fcber den gesamten Konjunkturzyklus hinweg eine stetige Wertentwicklung aufweisen, die auf einer soliden Verm\u00f6gensallokation und der Erzielung langfristiger Risikopr\u00e4mien beruht. Wir glauben nicht an kurzfristiges Markt-Timing.<\/li><li><strong>Diversifikation:<\/strong> Die immer komplexer werdenden Finanzm\u00e4rkte erfordern einen ganzheitlichen Ansatz f\u00fcr das Portfoliomanagement, der so viele unabh\u00e4ngige Risikopr\u00e4mien wie m\u00f6glich einschlie\u00dft und gleichzeitig die Auswirkungen der wichtigsten Risikofaktoren ber\u00fccksichtigt.<\/li><li><strong>S\u00e4kulare Marktfaktoren:<\/strong> Fundamentale Wendepunkte treten h\u00e4ufig w\u00e4hrend gro\u00dfer Marktabschw\u00fcnge auf. Wir konzentrieren uns darauf, was gleich bleiben und was sich dauerhaft ver\u00e4ndern wird, d. h. welche Themen die M\u00e4rkte in Zukunft antreiben werden.<\/li><\/ul>\t\t\t\t\t\t\t\t<\/div>\n\t\t\t\t<\/div>\n\t\t\t\t\t<\/div>\n\t\t<\/div>\n\t\t\t\t\t<\/div>\n\t\t<\/section>\n\t\t\t\t\t<\/div>\n\t\t<\/div>\n\t\t\t\t\t<\/div>\n\t\t<\/section>\n\t\t\t\t<section class=\"elementor-section elementor-top-section elementor-element elementor-element-0376603 elementor-section-boxed elementor-section-height-default elementor-section-height-default\" data-id=\"0376603\" data-element_type=\"section\">\n\t\t\t\t\t\t<div class=\"elementor-container elementor-column-gap-default\">\n\t\t\t\t\t<div class=\"elementor-column elementor-col-100 elementor-top-column elementor-element elementor-element-91f25eb\" data-id=\"91f25eb\" data-element_type=\"column\">\n\t\t\t<div class=\"elementor-widget-wrap elementor-element-populated\">\n\t\t\t\t\t\t<div class=\"elementor-element elementor-element-7ebd0c1 elementor-widget elementor-widget-spacer\" data-id=\"7ebd0c1\" data-element_type=\"widget\" data-widget_type=\"spacer.default\">\n\t\t\t\t<div class=\"elementor-widget-container\">\n\t\t\t\t\t\t\t<div class=\"elementor-spacer\">\n\t\t\t<div class=\"elementor-spacer-inner\"><\/div>\n\t\t<\/div>\n\t\t\t\t\t\t<\/div>\n\t\t\t\t<\/div>\n\t\t\t\t\t<\/div>\n\t\t<\/div>\n\t\t\t\t\t<\/div>\n\t\t<\/section>\n\t\t\t\t<section class=\"elementor-section elementor-top-section elementor-element elementor-element-e367b28 elementor-section-boxed elementor-section-height-default elementor-section-height-default\" data-id=\"e367b28\" data-element_type=\"section\">\n\t\t\t\t\t\t<div class=\"elementor-container elementor-column-gap-default\">\n\t\t\t\t\t<div class=\"elementor-column elementor-col-100 elementor-top-column elementor-element elementor-element-bc33c83\" data-id=\"bc33c83\" data-element_type=\"column\">\n\t\t\t<div class=\"elementor-widget-wrap elementor-element-populated\">\n\t\t\t\t\t\t<section class=\"elementor-section elementor-inner-section elementor-element elementor-element-2249fcb elementor-section-boxed elementor-section-height-default elementor-section-height-default\" data-id=\"2249fcb\" data-element_type=\"section\">\n\t\t\t\t\t\t<div class=\"elementor-container elementor-column-gap-default\">\n\t\t\t\t\t<div class=\"elementor-column elementor-col-50 elementor-inner-column elementor-element elementor-element-8a77ca4\" data-id=\"8a77ca4\" data-element_type=\"column\">\n\t\t\t<div class=\"elementor-widget-wrap elementor-element-populated\">\n\t\t\t\t\t\t<div class=\"elementor-element elementor-element-099a51a elementor-widget elementor-widget-heading\" data-id=\"099a51a\" data-element_type=\"widget\" data-widget_type=\"heading.default\">\n\t\t\t\t<div class=\"elementor-widget-container\">\n\t\t\t\t\t<h2 class=\"elementor-heading-title elementor-size-default\">Unser Anlageansatz<\/h2>\t\t\t\t<\/div>\n\t\t\t\t<\/div>\n\t\t\t\t<div class=\"elementor-element elementor-element-693098f elementor-widget elementor-widget-text-editor\" data-id=\"693098f\" data-element_type=\"widget\" data-widget_type=\"text-editor.default\">\n\t\t\t\t<div class=\"elementor-widget-container\">\n\t\t\t\t\t\t\t\t\t<p>Erfahren Sie mehr dar\u00fcber, wie wir Portfolios verwalten.<\/p><ul><li>Warum wir langfristige Anleger sind, die Risikopr\u00e4mien ernten und ihre Portfolios \u00fcber Wirtschafts- und Finanzzyklen hinweg absichern<\/li><li>Was zielorientiertes Investieren ist und wie es mit der Verm\u00f6gensplanung zusammenh\u00e4ngt<\/li><li>Was unsere Art der Portfolio-Konstruktion auszeichnet<\/li><li>Wie wir Sie bei Anlagegesch\u00e4ften und -beratung unterst\u00fctzen<\/li><li>Wie wir Sie bei der \u00dcberwachung Ihrer Anlagen unterst\u00fctzen k\u00f6nnen<\/li><\/ul><p>Nehmen Sie Kontakt mit uns auf und wir zeigen Ihnen gerne mehr dar\u00fcber, wie wir zusammenarbeiten k\u00f6nnen.<\/p>\t\t\t\t\t\t\t\t<\/div>\n\t\t\t\t<\/div>\n\t\t\t\t<div class=\"elementor-element elementor-element-c616527 elementor-widget elementor-widget-button\" data-id=\"c616527\" data-element_type=\"widget\" data-widget_type=\"button.default\">\n\t\t\t\t<div class=\"elementor-widget-container\">\n\t\t\t\t\t\t\t\t\t<div class=\"elementor-button-wrapper\">\n\t\t\t\t\t<a class=\"elementor-button elementor-button-link elementor-size-lg\" href=\"https:\/\/www.corestone.ch\/de\/contact\/\">\n\t\t\t\t\t\t<span class=\"elementor-button-content-wrapper\">\n\t\t\t\t\t\t<span class=\"elementor-button-icon\">\n\t\t\t\t\t\t\t\t\t<i class=\"fa fa-envelope\" aria-hidden=\"true\"><\/i>\n\t\t\t\t\t\t\t<\/span>\n\t\t\t\t\t\t\t\t\t<span class=\"elementor-button-text\">Kontakt aufnehmen<\/span>\n\t\t\t\t\t<\/span>\n\t\t\t\t\t<\/a>\n\t\t\t\t<\/div>\n\t\t\t\t\t\t\t\t<\/div>\n\t\t\t\t<\/div>\n\t\t\t\t\t<\/div>\n\t\t<\/div>\n\t\t\t\t<div class=\"elementor-column elementor-col-50 elementor-inner-column elementor-element elementor-element-bc95cda\" data-id=\"bc95cda\" data-element_type=\"column\">\n\t\t\t<div class=\"elementor-widget-wrap elementor-element-populated\">\n\t\t\t\t\t\t<div class=\"elementor-element elementor-element-d108123 elementor-widget elementor-widget-image\" data-id=\"d108123\" data-element_type=\"widget\" data-widget_type=\"image.default\">\n\t\t\t\t<div class=\"elementor-widget-container\">\n\t\t\t\t\t\t\t\t\t\t\t\t\t\t\t<img fetchpriority=\"high\" decoding=\"async\" width=\"768\" height=\"512\" src=\"https:\/\/www.corestone.ch\/wp-content\/uploads\/2018\/12\/iStock-846217042-768x512.jpg\" class=\"attachment-medium_large size-medium_large wp-image-2295\" alt=\"\" srcset=\"https:\/\/www.corestone.ch\/wp-content\/uploads\/2018\/12\/iStock-846217042-768x512.jpg 768w, https:\/\/www.corestone.ch\/wp-content\/uploads\/2018\/12\/iStock-846217042-300x200.jpg 300w, https:\/\/www.corestone.ch\/wp-content\/uploads\/2018\/12\/iStock-846217042-1024x683.jpg 1024w\" sizes=\"(max-width: 768px) 100vw, 768px\" \/>\t\t\t\t\t\t\t\t\t\t\t\t\t\t\t<\/div>\n\t\t\t\t<\/div>\n\t\t\t\t\t<\/div>\n\t\t<\/div>\n\t\t\t\t\t<\/div>\n\t\t<\/section>\n\t\t\t\t\t<\/div>\n\t\t<\/div>\n\t\t\t\t\t<\/div>\n\t\t<\/section>\n\t\t\t\t<\/div>","protected":false},"excerpt":{"rendered":"<p>What we do Corestone offers its expertise to entrepreneurs, principal investors and private clients and works with clients in various arrangements. As investment firm we are focused to deliver superior investment performance and customer service to meet set goals. As partnership we co-invest along with our clients in selected investments &amp; transactions. 1. Corestone Investment &#8230; <a title=\"Was wir machen\" class=\"read-more\" href=\"https:\/\/www.corestone.ch\/de\/what-we-do\/\" aria-label=\"Mehr Informationen \u00fcber What we do\">Weiterlesen<\/a><\/p>","protected":false},"author":8,"featured_media":0,"parent":0,"menu_order":0,"comment_status":"closed","ping_status":"closed","template":"","meta":{"nf_dc_page":"","footnotes":""},"class_list":["post-106","page","type-page","status-publish"],"yoast_head":"<!-- This site is optimized with the Yoast SEO plugin v26.9 - https:\/\/yoast.com\/product\/yoast-seo-wordpress\/ -->\n<title>What we do - Corestone Investment Managers AG<\/title>\n<meta name=\"robots\" content=\"index, follow, max-snippet:-1, max-image-preview:large, max-video-preview:-1\" \/>\n<link rel=\"canonical\" href=\"https:\/\/www.corestone.ch\/de\/what-we-do\/\" \/>\n<meta property=\"og:locale\" content=\"de_DE\" \/>\n<meta property=\"og:type\" content=\"article\" \/>\n<meta property=\"og:title\" content=\"What we do - Corestone Investment Managers AG\" \/>\n<meta property=\"og:description\" content=\"What we do Corestone offers its expertise to entrepreneurs, principal investors and private clients and works with clients in various arrangements. As investment firm we are focused to deliver superior investment performance and customer service to meet set goals. As partnership we co-invest along with our clients in selected investments &amp; transactions. 1. Corestone Investment ... Weiterlesen\" \/>\n<meta property=\"og:url\" content=\"https:\/\/www.corestone.ch\/de\/what-we-do\/\" \/>\n<meta property=\"og:site_name\" content=\"Corestone Investment Managers AG\" \/>\n<meta property=\"article:modified_time\" content=\"2024-12-15T13:52:14+00:00\" \/>\n<meta property=\"og:image\" content=\"https:\/\/www.corestone.ch\/wp-content\/uploads\/elementor\/thumbs\/jeremy-thomas-75753-unsplash-oar660lywcby0kvnm1hgkyyv47f642hffmo7s9ua2w.jpg\" \/>\n<meta name=\"twitter:card\" content=\"summary_large_image\" \/>\n<meta name=\"twitter:label1\" content=\"Gesch\u00e4tzte Lesezeit\" \/>\n\t<meta name=\"twitter:data1\" content=\"2\u00a0Minuten\" \/>\n<script type=\"application\/ld+json\" class=\"yoast-schema-graph\">{\"@context\":\"https:\/\/schema.org\",\"@graph\":[{\"@type\":\"WebPage\",\"@id\":\"https:\/\/www.corestone.ch\/what-we-do\/\",\"url\":\"https:\/\/www.corestone.ch\/what-we-do\/\",\"name\":\"What we do - Corestone Investment Managers AG\",\"isPartOf\":{\"@id\":\"https:\/\/www.corestone.ch\/#website\"},\"primaryImageOfPage\":{\"@id\":\"https:\/\/www.corestone.ch\/what-we-do\/#primaryimage\"},\"image\":{\"@id\":\"https:\/\/www.corestone.ch\/what-we-do\/#primaryimage\"},\"thumbnailUrl\":\"https:\/\/www.corestone.ch\/wp-content\/uploads\/elementor\/thumbs\/jeremy-thomas-75753-unsplash-oar660lywcby0kvnm1hgkyyv47f642hffmo7s9ua2w.jpg\",\"datePublished\":\"2018-10-07T19:06:46+00:00\",\"dateModified\":\"2024-12-15T13:52:14+00:00\",\"breadcrumb\":{\"@id\":\"https:\/\/www.corestone.ch\/what-we-do\/#breadcrumb\"},\"inLanguage\":\"de\",\"potentialAction\":[{\"@type\":\"ReadAction\",\"target\":[\"https:\/\/www.corestone.ch\/what-we-do\/\"]}]},{\"@type\":\"ImageObject\",\"inLanguage\":\"de\",\"@id\":\"https:\/\/www.corestone.ch\/what-we-do\/#primaryimage\",\"url\":\"https:\/\/www.corestone.ch\/wp-content\/uploads\/elementor\/thumbs\/jeremy-thomas-75753-unsplash-oar660lywcby0kvnm1hgkyyv47f642hffmo7s9ua2w.jpg\",\"contentUrl\":\"https:\/\/www.corestone.ch\/wp-content\/uploads\/elementor\/thumbs\/jeremy-thomas-75753-unsplash-oar660lywcby0kvnm1hgkyyv47f642hffmo7s9ua2w.jpg\"},{\"@type\":\"BreadcrumbList\",\"@id\":\"https:\/\/www.corestone.ch\/what-we-do\/#breadcrumb\",\"itemListElement\":[{\"@type\":\"ListItem\",\"position\":1,\"name\":\"Home\",\"item\":\"https:\/\/www.corestone.ch\/\"},{\"@type\":\"ListItem\",\"position\":2,\"name\":\"What we do\"}]},{\"@type\":\"WebSite\",\"@id\":\"https:\/\/www.corestone.ch\/#website\",\"url\":\"https:\/\/www.corestone.ch\/\",\"name\":\"Corestone Investment Managers AG\",\"description\":\"\",\"publisher\":{\"@id\":\"https:\/\/www.corestone.ch\/#organization\"},\"potentialAction\":[{\"@type\":\"SearchAction\",\"target\":{\"@type\":\"EntryPoint\",\"urlTemplate\":\"https:\/\/www.corestone.ch\/?s={search_term_string}\"},\"query-input\":{\"@type\":\"PropertyValueSpecification\",\"valueRequired\":true,\"valueName\":\"search_term_string\"}}],\"inLanguage\":\"de\"},{\"@type\":\"Organization\",\"@id\":\"https:\/\/www.corestone.ch\/#organization\",\"name\":\"Corestone Investment Managers AG\",\"url\":\"https:\/\/www.corestone.ch\/\",\"logo\":{\"@type\":\"ImageObject\",\"inLanguage\":\"de\",\"@id\":\"https:\/\/www.corestone.ch\/#\/schema\/logo\/image\/\",\"url\":\"https:\/\/www.corestone.ch\/wp-content\/uploads\/2018\/10\/corestonefreestanding-copy_png.png\",\"contentUrl\":\"https:\/\/www.corestone.ch\/wp-content\/uploads\/2018\/10\/corestonefreestanding-copy_png.png\",\"width\":664,\"height\":122,\"caption\":\"Corestone Investment Managers AG\"},\"image\":{\"@id\":\"https:\/\/www.corestone.ch\/#\/schema\/logo\/image\/\"}}]}<\/script>\n<!-- \/ Yoast SEO plugin. -->","yoast_head_json":{"title":"What we do - Corestone Investment Managers AG","robots":{"index":"index","follow":"follow","max-snippet":"max-snippet:-1","max-image-preview":"max-image-preview:large","max-video-preview":"max-video-preview:-1"},"canonical":"https:\/\/www.corestone.ch\/de\/what-we-do\/","og_locale":"de_DE","og_type":"article","og_title":"What we do - Corestone Investment Managers AG","og_description":"What we do Corestone offers its expertise to entrepreneurs, principal investors and private clients and works with clients in various arrangements. As investment firm we are focused to deliver superior investment performance and customer service to meet set goals. As partnership we co-invest along with our clients in selected investments &amp; transactions. 1. Corestone Investment ... Weiterlesen","og_url":"https:\/\/www.corestone.ch\/de\/what-we-do\/","og_site_name":"Corestone Investment Managers AG","article_modified_time":"2024-12-15T13:52:14+00:00","og_image":[{"url":"https:\/\/www.corestone.ch\/wp-content\/uploads\/elementor\/thumbs\/jeremy-thomas-75753-unsplash-oar660lywcby0kvnm1hgkyyv47f642hffmo7s9ua2w.jpg","type":"","width":"","height":""}],"twitter_card":"summary_large_image","twitter_misc":{"Gesch\u00e4tzte Lesezeit":"2\u00a0Minuten"},"schema":{"@context":"https:\/\/schema.org","@graph":[{"@type":"WebPage","@id":"https:\/\/www.corestone.ch\/what-we-do\/","url":"https:\/\/www.corestone.ch\/what-we-do\/","name":"What we do - Corestone Investment Managers AG","isPartOf":{"@id":"https:\/\/www.corestone.ch\/#website"},"primaryImageOfPage":{"@id":"https:\/\/www.corestone.ch\/what-we-do\/#primaryimage"},"image":{"@id":"https:\/\/www.corestone.ch\/what-we-do\/#primaryimage"},"thumbnailUrl":"https:\/\/www.corestone.ch\/wp-content\/uploads\/elementor\/thumbs\/jeremy-thomas-75753-unsplash-oar660lywcby0kvnm1hgkyyv47f642hffmo7s9ua2w.jpg","datePublished":"2018-10-07T19:06:46+00:00","dateModified":"2024-12-15T13:52:14+00:00","breadcrumb":{"@id":"https:\/\/www.corestone.ch\/what-we-do\/#breadcrumb"},"inLanguage":"de","potentialAction":[{"@type":"ReadAction","target":["https:\/\/www.corestone.ch\/what-we-do\/"]}]},{"@type":"ImageObject","inLanguage":"de","@id":"https:\/\/www.corestone.ch\/what-we-do\/#primaryimage","url":"https:\/\/www.corestone.ch\/wp-content\/uploads\/elementor\/thumbs\/jeremy-thomas-75753-unsplash-oar660lywcby0kvnm1hgkyyv47f642hffmo7s9ua2w.jpg","contentUrl":"https:\/\/www.corestone.ch\/wp-content\/uploads\/elementor\/thumbs\/jeremy-thomas-75753-unsplash-oar660lywcby0kvnm1hgkyyv47f642hffmo7s9ua2w.jpg"},{"@type":"BreadcrumbList","@id":"https:\/\/www.corestone.ch\/what-we-do\/#breadcrumb","itemListElement":[{"@type":"ListItem","position":1,"name":"Home","item":"https:\/\/www.corestone.ch\/"},{"@type":"ListItem","position":2,"name":"What we do"}]},{"@type":"WebSite","@id":"https:\/\/www.corestone.ch\/#website","url":"https:\/\/www.corestone.ch\/","name":"Corestone Investment Managers AG","description":"","publisher":{"@id":"https:\/\/www.corestone.ch\/#organization"},"potentialAction":[{"@type":"SearchAction","target":{"@type":"EntryPoint","urlTemplate":"https:\/\/www.corestone.ch\/?s={search_term_string}"},"query-input":{"@type":"PropertyValueSpecification","valueRequired":true,"valueName":"search_term_string"}}],"inLanguage":"de"},{"@type":"Organization","@id":"https:\/\/www.corestone.ch\/#organization","name":"Corestone Investment Managers AG","url":"https:\/\/www.corestone.ch\/","logo":{"@type":"ImageObject","inLanguage":"de","@id":"https:\/\/www.corestone.ch\/#\/schema\/logo\/image\/","url":"https:\/\/www.corestone.ch\/wp-content\/uploads\/2018\/10\/corestonefreestanding-copy_png.png","contentUrl":"https:\/\/www.corestone.ch\/wp-content\/uploads\/2018\/10\/corestonefreestanding-copy_png.png","width":664,"height":122,"caption":"Corestone Investment Managers AG"},"image":{"@id":"https:\/\/www.corestone.ch\/#\/schema\/logo\/image\/"}}]}},"_links":{"self":[{"href":"https:\/\/www.corestone.ch\/de\/wp-json\/wp\/v2\/pages\/106","targetHints":{"allow":["GET"]}}],"collection":[{"href":"https:\/\/www.corestone.ch\/de\/wp-json\/wp\/v2\/pages"}],"about":[{"href":"https:\/\/www.corestone.ch\/de\/wp-json\/wp\/v2\/types\/page"}],"author":[{"embeddable":true,"href":"https:\/\/www.corestone.ch\/de\/wp-json\/wp\/v2\/users\/8"}],"replies":[{"embeddable":true,"href":"https:\/\/www.corestone.ch\/de\/wp-json\/wp\/v2\/comments?post=106"}],"version-history":[{"count":5,"href":"https:\/\/www.corestone.ch\/de\/wp-json\/wp\/v2\/pages\/106\/revisions"}],"predecessor-version":[{"id":3629,"href":"https:\/\/www.corestone.ch\/de\/wp-json\/wp\/v2\/pages\/106\/revisions\/3629"}],"wp:attachment":[{"href":"https:\/\/www.corestone.ch\/de\/wp-json\/wp\/v2\/media?parent=106"}],"curies":[{"name":"wp","href":"https:\/\/api.w.org\/{rel}","templated":true}]}}