{"id":412,"date":"2018-10-10T12:00:41","date_gmt":"2018-10-10T12:00:41","guid":{"rendered":"https:\/\/corestone.site\/?page_id=412"},"modified":"2024-12-21T15:19:50","modified_gmt":"2024-12-21T14:19:50","slug":"contact","status":"publish","type":"page","link":"https:\/\/www.corestone.ch\/de\/contact\/","title":{"rendered":"Kontakt"},"content":{"rendered":"<div data-elementor-type=\"wp-post\" data-elementor-id=\"412\" class=\"elementor elementor-412\" data-elementor-post-type=\"page\">\n\t\t\t\t\t\t<section class=\"elementor-section elementor-top-section elementor-element elementor-element-0855723 elementor-section-boxed elementor-section-height-default elementor-section-height-default\" data-id=\"0855723\" data-element_type=\"section\">\n\t\t\t\t\t\t<div class=\"elementor-container elementor-column-gap-default\">\n\t\t\t\t\t<div class=\"elementor-column elementor-col-100 elementor-top-column elementor-element elementor-element-56b154a\" data-id=\"56b154a\" data-element_type=\"column\">\n\t\t\t<div class=\"elementor-widget-wrap elementor-element-populated\">\n\t\t\t\t\t\t<div class=\"elementor-element elementor-element-364cdfc elementor-widget elementor-widget-spacer\" data-id=\"364cdfc\" data-element_type=\"widget\" data-widget_type=\"spacer.default\">\n\t\t\t\t<div class=\"elementor-widget-container\">\n\t\t\t\t\t\t\t<div class=\"elementor-spacer\">\n\t\t\t<div class=\"elementor-spacer-inner\"><\/div>\n\t\t<\/div>\n\t\t\t\t\t\t<\/div>\n\t\t\t\t<\/div>\n\t\t\t\t\t<\/div>\n\t\t<\/div>\n\t\t\t\t\t<\/div>\n\t\t<\/section>\n\t\t\t\t<section class=\"elementor-section elementor-top-section elementor-element elementor-element-2098e4ea elementor-section-content-middle elementor-reverse-mobile elementor-section-boxed elementor-section-height-default elementor-section-height-default\" data-id=\"2098e4ea\" data-element_type=\"section\">\n\t\t\t\t\t\t<div class=\"elementor-container elementor-column-gap-no\">\n\t\t\t\t\t<div class=\"elementor-column elementor-col-50 elementor-top-column elementor-element elementor-element-31cb3160\" data-id=\"31cb3160\" data-element_type=\"column\">\n\t\t\t<div class=\"elementor-widget-wrap elementor-element-populated\">\n\t\t\t\t\t\t<div class=\"elementor-element elementor-element-1d1ebce3 elementor-widget elementor-widget-heading\" data-id=\"1d1ebce3\" data-element_type=\"widget\" data-widget_type=\"heading.default\">\n\t\t\t\t<div class=\"elementor-widget-container\">\n\t\t\t\t\t<h4 class=\"elementor-heading-title elementor-size-default\">Wir sind hier, um zu helfen!<\/h4>\t\t\t\t<\/div>\n\t\t\t\t<\/div>\n\t\t\t\t<section class=\"elementor-section elementor-inner-section elementor-element elementor-element-34cdb493 elementor-section-boxed elementor-section-height-default elementor-section-height-default\" data-id=\"34cdb493\" data-element_type=\"section\">\n\t\t\t\t\t\t<div class=\"elementor-container elementor-column-gap-default\">\n\t\t\t\t\t<div class=\"elementor-column elementor-col-50 elementor-inner-column elementor-element elementor-element-46a01e34\" data-id=\"46a01e34\" data-element_type=\"column\">\n\t\t\t<div class=\"elementor-widget-wrap elementor-element-populated\">\n\t\t\t\t\t\t<div class=\"elementor-element elementor-element-375d1580 elementor-widget elementor-widget-heading\" data-id=\"375d1580\" data-element_type=\"widget\" data-widget_type=\"heading.default\">\n\t\t\t\t<div class=\"elementor-widget-container\">\n\t\t\t\t\t<div class=\"elementor-heading-title elementor-size-default\">Standort<\/div>\t\t\t\t<\/div>\n\t\t\t\t<\/div>\n\t\t\t\t<div class=\"elementor-element elementor-element-21b43009 elementor-widget elementor-widget-text-editor\" data-id=\"21b43009\" data-element_type=\"widget\" data-widget_type=\"text-editor.default\">\n\t\t\t\t<div class=\"elementor-widget-container\">\n\t\t\t\t\t\t\t\t\t<p>Baarerstrasse 10<br \/>6300 Zug <br \/>Schweiz<\/p>\t\t\t\t\t\t\t\t<\/div>\n\t\t\t\t<\/div>\n\t\t\t\t\t<\/div>\n\t\t<\/div>\n\t\t\t\t<div class=\"elementor-column elementor-col-50 elementor-inner-column elementor-element elementor-element-774b21b\" data-id=\"774b21b\" data-element_type=\"column\">\n\t\t\t<div class=\"elementor-widget-wrap elementor-element-populated\">\n\t\t\t\t\t\t<div class=\"elementor-element elementor-element-fe9a9c1 elementor-widget elementor-widget-heading\" data-id=\"fe9a9c1\" data-element_type=\"widget\" data-widget_type=\"heading.default\">\n\t\t\t\t<div class=\"elementor-widget-container\">\n\t\t\t\t\t<div class=\"elementor-heading-title elementor-size-default\">Kontakt<\/div>\t\t\t\t<\/div>\n\t\t\t\t<\/div>\n\t\t\t\t<div class=\"elementor-element elementor-element-cd4b481 elementor-widget elementor-widget-text-editor\" data-id=\"cd4b481\" data-element_type=\"widget\" data-widget_type=\"text-editor.default\">\n\t\t\t\t<div class=\"elementor-widget-container\">\n\t\t\t\t\t\t\t\t\t<p><strong>Telefon<\/strong>: +41 41 726 8585<\/p><p><strong>Email f\u00fcr allgemeine Anfragen:<\/strong> contact(at)corestone.ch<\/p><p><strong>F\u00fcr externe Asset Manager:<\/strong> research(at)corestone.ch<\/p>\t\t\t\t\t\t\t\t<\/div>\n\t\t\t\t<\/div>\n\t\t\t\t\t<\/div>\n\t\t<\/div>\n\t\t\t\t\t<\/div>\n\t\t<\/section>\n\t\t\t\t<section class=\"elementor-section elementor-inner-section elementor-element elementor-element-2b35524 elementor-section-boxed elementor-section-height-default elementor-section-height-default\" data-id=\"2b35524\" data-element_type=\"section\">\n\t\t\t\t\t\t<div class=\"elementor-container elementor-column-gap-default\">\n\t\t\t\t\t<div class=\"elementor-column elementor-col-100 elementor-inner-column elementor-element elementor-element-48584467\" data-id=\"48584467\" data-element_type=\"column\">\n\t\t\t<div class=\"elementor-widget-wrap elementor-element-populated\">\n\t\t\t\t\t\t<div class=\"elementor-element elementor-element-62db8399 elementor-widget elementor-widget-heading\" data-id=\"62db8399\" data-element_type=\"widget\" data-widget_type=\"heading.default\">\n\t\t\t\t<div class=\"elementor-widget-container\">\n\t\t\t\t\t<div class=\"elementor-heading-title elementor-size-default\">Soziale Medien<\/div>\t\t\t\t<\/div>\n\t\t\t\t<\/div>\n\t\t\t\t<div class=\"elementor-element elementor-element-1f332204 elementor-shape-square e-grid-align-left elementor-grid-0 elementor-widget elementor-widget-social-icons\" data-id=\"1f332204\" data-element_type=\"widget\" data-widget_type=\"social-icons.default\">\n\t\t\t\t<div class=\"elementor-widget-container\">\n\t\t\t\t\t\t\t<div class=\"elementor-social-icons-wrapper elementor-grid\">\n\t\t\t\t\t\t\t<span class=\"elementor-grid-item\">\n\t\t\t\t\t<a class=\"elementor-icon elementor-social-icon elementor-social-icon-twitter elementor-repeater-item-914746e\" href=\"https:\/\/twitter.com\/CorestoneIM\" target=\"_blank\">\n\t\t\t\t\t\t<span class=\"elementor-screen-only\">Twitter<\/span>\n\t\t\t\t\t\t\t\t\t\t\t\t\t<i class=\"fa fa-twitter\"><\/i>\n\t\t\t\t\t\t\t\t\t\t\t<\/a>\n\t\t\t\t<\/span>\n\t\t\t\t\t<\/div>\n\t\t\t\t\t\t<\/div>\n\t\t\t\t<\/div>\n\t\t\t\t\t<\/div>\n\t\t<\/div>\n\t\t\t\t\t<\/div>\n\t\t<\/section>\n\t\t\t\t\t<\/div>\n\t\t<\/div>\n\t\t\t\t<div class=\"elementor-column elementor-col-50 elementor-top-column elementor-element elementor-element-7aad3cf\" data-id=\"7aad3cf\" data-element_type=\"column\">\n\t\t\t<div class=\"elementor-widget-wrap elementor-element-populated\">\n\t\t\t\t\t\t<div class=\"elementor-element elementor-element-3d56fdc elementor-widget elementor-widget-google_maps\" data-id=\"3d56fdc\" data-element_type=\"widget\" data-widget_type=\"google_maps.default\">\n\t\t\t\t<div class=\"elementor-widget-container\">\n\t\t\t\t\t\t\t<div class=\"elementor-custom-embed\">\n\t\t\t<iframe loading=\"lazy\"\n\t\t\t\t\tsrc=\"https:\/\/maps.google.com\/maps?q=Corestone%2C%20Baarerstrasse%2010%2C%20Zug%2C%20Switzerland&#038;t=m&#038;z=15&#038;output=embed&#038;iwloc=near\"\n\t\t\t\t\ttitle=\"Corestone, Baarerstrasse 10, Zug, Switzerland\"\n\t\t\t\t\taria-label=\"Corestone, Baarerstrasse 10, Zug, Switzerland\"\n\t\t\t><\/iframe>\n\t\t<\/div>\n\t\t\t\t\t\t<\/div>\n\t\t\t\t<\/div>\n\t\t\t\t\t<\/div>\n\t\t<\/div>\n\t\t\t\t\t<\/div>\n\t\t<\/section>\n\t\t\t\t<section class=\"elementor-section elementor-top-section elementor-element elementor-element-35f0a35 elementor-section-boxed elementor-section-height-default elementor-section-height-default\" data-id=\"35f0a35\" data-element_type=\"section\" data-settings=\"{&quot;background_background&quot;:&quot;classic&quot;}\">\n\t\t\t\t\t\t<div class=\"elementor-container elementor-column-gap-default\">\n\t\t\t\t\t<div class=\"elementor-column elementor-col-33 elementor-top-column elementor-element elementor-element-ce3dc43\" data-id=\"ce3dc43\" data-element_type=\"column\">\n\t\t\t<div class=\"elementor-widget-wrap elementor-element-populated\">\n\t\t\t\t\t\t<div class=\"elementor-element elementor-element-6bdf936 elementor-widget elementor-widget-heading\" data-id=\"6bdf936\" data-element_type=\"widget\" data-widget_type=\"heading.default\">\n\t\t\t\t<div class=\"elementor-widget-container\">\n\t\t\t\t\t<h2 class=\"elementor-heading-title elementor-size-default\">So finden Sie uns<\/h2>\t\t\t\t<\/div>\n\t\t\t\t<\/div>\n\t\t\t\t<div class=\"elementor-element elementor-element-28b4ea9 elementor-widget elementor-widget-text-editor\" data-id=\"28b4ea9\" data-element_type=\"widget\" data-widget_type=\"text-editor.default\">\n\t\t\t\t<div class=\"elementor-widget-container\">\n\t\t\t\t\t\t\t\t\t<p>Das B\u00fcro von Corestone befindet sich gegen\u00fcber dem Bahnhof in Zug, in der Neustadt-Passage.<\/p>\t\t\t\t\t\t\t\t<\/div>\n\t\t\t\t<\/div>\n\t\t\t\t\t<\/div>\n\t\t<\/div>\n\t\t\t\t<div class=\"elementor-column elementor-col-33 elementor-top-column elementor-element elementor-element-495c5b8\" data-id=\"495c5b8\" data-element_type=\"column\">\n\t\t\t<div class=\"elementor-widget-wrap elementor-element-populated\">\n\t\t\t\t\t\t<div class=\"elementor-element elementor-element-b8b2965 elementor-widget elementor-widget-heading\" data-id=\"b8b2965\" data-element_type=\"widget\" data-widget_type=\"heading.default\">\n\t\t\t\t<div class=\"elementor-widget-container\">\n\t\t\t\t\t<h2 class=\"elementor-heading-title elementor-size-default\">Mit dem Auto<\/h2>\t\t\t\t<\/div>\n\t\t\t\t<\/div>\n\t\t\t\t<div class=\"elementor-element elementor-element-d1a30ed elementor-widget elementor-widget-text-editor\" data-id=\"d1a30ed\" data-element_type=\"widget\" data-widget_type=\"text-editor.default\">\n\t\t\t\t<div class=\"elementor-widget-container\">\n\t\t\t\t\t\t\t\t\t<p>Zug liegt zwischen Z\u00fcrich und Luzern und ist von Z\u00fcrich aus in rund 45 Minuten erreichbar. Fahren Sie Richtung Zuger Zentrum auf der Baarerstrasse, und fahren Sie bis zur Neustadt-Passage. Parkm\u00f6glichkeiten gibt es in der Tiefgarage (Zufahrt von der Poststrasse).<\/p>\t\t\t\t\t\t\t\t<\/div>\n\t\t\t\t<\/div>\n\t\t\t\t\t<\/div>\n\t\t<\/div>\n\t\t\t\t<div class=\"elementor-column elementor-col-33 elementor-top-column elementor-element elementor-element-2e0ce02\" data-id=\"2e0ce02\" data-element_type=\"column\">\n\t\t\t<div class=\"elementor-widget-wrap elementor-element-populated\">\n\t\t\t\t\t\t<div class=\"elementor-element elementor-element-6c2b7fb elementor-widget elementor-widget-heading\" data-id=\"6c2b7fb\" data-element_type=\"widget\" data-widget_type=\"heading.default\">\n\t\t\t\t<div class=\"elementor-widget-container\">\n\t\t\t\t\t<h2 class=\"elementor-heading-title elementor-size-default\">Mit dem Zug<\/h2>\t\t\t\t<\/div>\n\t\t\t\t<\/div>\n\t\t\t\t<div class=\"elementor-element elementor-element-5d04958 elementor-widget elementor-widget-text-editor\" data-id=\"5d04958\" data-element_type=\"widget\" data-widget_type=\"text-editor.default\">\n\t\t\t\t<div class=\"elementor-widget-container\">\n\t\t\t\t\t\t\t\t\t<p>Zug ist rund 25 Minuten vom Hauptbahnhof Z\u00fcrich und rund 45 Minuten vom Flughafen Z\u00fcrich entfernt. Unser B\u00fcro befindet sich gegen\u00fcber dem Bahnhof, Ausgang Zug Zentrum \/ Metalli, in der Neustadt-Passage.<\/p>\t\t\t\t\t\t\t\t<\/div>\n\t\t\t\t<\/div>\n\t\t\t\t\t<\/div>\n\t\t<\/div>\n\t\t\t\t\t<\/div>\n\t\t<\/section>\n\t\t\t\t<\/div>","protected":false},"excerpt":{"rendered":"<p>We are here to help you! Location Baarerstrasse 106300 Zug Switzerland Contact Us Phone: +41 41 726 8585 Email for general enquiries: contact(at)corestone.ch For external asset managers: research(at)corestone.ch Follow Us Twitter Finding us The Corestone offices are located accross the train station in Zug, in the Neustadt-Passage. By car Zug is located between Zurich and &#8230; <a title=\"Kontakt\" class=\"read-more\" href=\"https:\/\/www.corestone.ch\/de\/contact\/\" aria-label=\"Mehr Informationen \u00fcber Contact\">Weiterlesen<\/a><\/p>","protected":false},"author":8,"featured_media":0,"parent":0,"menu_order":0,"comment_status":"closed","ping_status":"closed","template":"","meta":{"nf_dc_page":"","footnotes":""},"class_list":["post-412","page","type-page","status-publish"],"yoast_head":"<!-- This site is optimized with the Yoast SEO plugin v26.9 - https:\/\/yoast.com\/product\/yoast-seo-wordpress\/ -->\n<title>Contact - Corestone Investment Managers AG<\/title>\n<meta name=\"robots\" content=\"index, follow, max-snippet:-1, max-image-preview:large, max-video-preview:-1\" \/>\n<link rel=\"canonical\" href=\"https:\/\/www.corestone.ch\/de\/contact\/\" \/>\n<meta property=\"og:locale\" content=\"de_DE\" \/>\n<meta property=\"og:type\" content=\"article\" \/>\n<meta property=\"og:title\" content=\"Contact - Corestone Investment Managers AG\" \/>\n<meta property=\"og:description\" content=\"We are here to help you! Location Baarerstrasse 106300 Zug Switzerland Contact Us Phone: +41 41 726 8585 Email for general enquiries: contact(at)corestone.ch For external asset managers: research(at)corestone.ch Follow Us Twitter Finding us The Corestone offices are located accross the train station in Zug, in the Neustadt-Passage. By car Zug is located between Zurich and ... Weiterlesen\" \/>\n<meta property=\"og:url\" content=\"https:\/\/www.corestone.ch\/de\/contact\/\" \/>\n<meta property=\"og:site_name\" content=\"Corestone Investment Managers AG\" \/>\n<meta property=\"article:modified_time\" content=\"2024-12-21T14:19:50+00:00\" \/>\n<meta name=\"twitter:card\" content=\"summary_large_image\" \/>\n<meta name=\"twitter:label1\" content=\"Gesch\u00e4tzte Lesezeit\" \/>\n\t<meta name=\"twitter:data1\" content=\"1\u00a0Minute\" \/>\n<script type=\"application\/ld+json\" class=\"yoast-schema-graph\">{\"@context\":\"https:\/\/schema.org\",\"@graph\":[{\"@type\":\"WebPage\",\"@id\":\"https:\/\/www.corestone.ch\/contact\/\",\"url\":\"https:\/\/www.corestone.ch\/contact\/\",\"name\":\"Contact - Corestone Investment Managers AG\",\"isPartOf\":{\"@id\":\"https:\/\/www.corestone.ch\/#website\"},\"datePublished\":\"2018-10-10T12:00:41+00:00\",\"dateModified\":\"2024-12-21T14:19:50+00:00\",\"breadcrumb\":{\"@id\":\"https:\/\/www.corestone.ch\/contact\/#breadcrumb\"},\"inLanguage\":\"de\",\"potentialAction\":[{\"@type\":\"ReadAction\",\"target\":[\"https:\/\/www.corestone.ch\/contact\/\"]}]},{\"@type\":\"BreadcrumbList\",\"@id\":\"https:\/\/www.corestone.ch\/contact\/#breadcrumb\",\"itemListElement\":[{\"@type\":\"ListItem\",\"position\":1,\"name\":\"Home\",\"item\":\"https:\/\/www.corestone.ch\/\"},{\"@type\":\"ListItem\",\"position\":2,\"name\":\"Contact\"}]},{\"@type\":\"WebSite\",\"@id\":\"https:\/\/www.corestone.ch\/#website\",\"url\":\"https:\/\/www.corestone.ch\/\",\"name\":\"Corestone Investment Managers AG\",\"description\":\"\",\"publisher\":{\"@id\":\"https:\/\/www.corestone.ch\/#organization\"},\"potentialAction\":[{\"@type\":\"SearchAction\",\"target\":{\"@type\":\"EntryPoint\",\"urlTemplate\":\"https:\/\/www.corestone.ch\/?s={search_term_string}\"},\"query-input\":{\"@type\":\"PropertyValueSpecification\",\"valueRequired\":true,\"valueName\":\"search_term_string\"}}],\"inLanguage\":\"de\"},{\"@type\":\"Organization\",\"@id\":\"https:\/\/www.corestone.ch\/#organization\",\"name\":\"Corestone Investment Managers AG\",\"url\":\"https:\/\/www.corestone.ch\/\",\"logo\":{\"@type\":\"ImageObject\",\"inLanguage\":\"de\",\"@id\":\"https:\/\/www.corestone.ch\/#\/schema\/logo\/image\/\",\"url\":\"https:\/\/www.corestone.ch\/wp-content\/uploads\/2018\/10\/corestonefreestanding-copy_png.png\",\"contentUrl\":\"https:\/\/www.corestone.ch\/wp-content\/uploads\/2018\/10\/corestonefreestanding-copy_png.png\",\"width\":664,\"height\":122,\"caption\":\"Corestone Investment Managers AG\"},\"image\":{\"@id\":\"https:\/\/www.corestone.ch\/#\/schema\/logo\/image\/\"}}]}<\/script>\n<!-- \/ Yoast SEO plugin. -->","yoast_head_json":{"title":"Contact - Corestone Investment Managers AG","robots":{"index":"index","follow":"follow","max-snippet":"max-snippet:-1","max-image-preview":"max-image-preview:large","max-video-preview":"max-video-preview:-1"},"canonical":"https:\/\/www.corestone.ch\/de\/contact\/","og_locale":"de_DE","og_type":"article","og_title":"Contact - Corestone Investment Managers AG","og_description":"We are here to help you! Location Baarerstrasse 106300 Zug Switzerland Contact Us Phone: +41 41 726 8585 Email for general enquiries: contact(at)corestone.ch For external asset managers: research(at)corestone.ch Follow Us Twitter Finding us The Corestone offices are located accross the train station in Zug, in the Neustadt-Passage. By car Zug is located between Zurich and ... Weiterlesen","og_url":"https:\/\/www.corestone.ch\/de\/contact\/","og_site_name":"Corestone Investment Managers AG","article_modified_time":"2024-12-21T14:19:50+00:00","twitter_card":"summary_large_image","twitter_misc":{"Gesch\u00e4tzte Lesezeit":"1\u00a0Minute"},"schema":{"@context":"https:\/\/schema.org","@graph":[{"@type":"WebPage","@id":"https:\/\/www.corestone.ch\/contact\/","url":"https:\/\/www.corestone.ch\/contact\/","name":"Contact - Corestone Investment Managers AG","isPartOf":{"@id":"https:\/\/www.corestone.ch\/#website"},"datePublished":"2018-10-10T12:00:41+00:00","dateModified":"2024-12-21T14:19:50+00:00","breadcrumb":{"@id":"https:\/\/www.corestone.ch\/contact\/#breadcrumb"},"inLanguage":"de","potentialAction":[{"@type":"ReadAction","target":["https:\/\/www.corestone.ch\/contact\/"]}]},{"@type":"BreadcrumbList","@id":"https:\/\/www.corestone.ch\/contact\/#breadcrumb","itemListElement":[{"@type":"ListItem","position":1,"name":"Home","item":"https:\/\/www.corestone.ch\/"},{"@type":"ListItem","position":2,"name":"Contact"}]},{"@type":"WebSite","@id":"https:\/\/www.corestone.ch\/#website","url":"https:\/\/www.corestone.ch\/","name":"Corestone Investment Managers AG","description":"","publisher":{"@id":"https:\/\/www.corestone.ch\/#organization"},"potentialAction":[{"@type":"SearchAction","target":{"@type":"EntryPoint","urlTemplate":"https:\/\/www.corestone.ch\/?s={search_term_string}"},"query-input":{"@type":"PropertyValueSpecification","valueRequired":true,"valueName":"search_term_string"}}],"inLanguage":"de"},{"@type":"Organization","@id":"https:\/\/www.corestone.ch\/#organization","name":"Corestone Investment Managers AG","url":"https:\/\/www.corestone.ch\/","logo":{"@type":"ImageObject","inLanguage":"de","@id":"https:\/\/www.corestone.ch\/#\/schema\/logo\/image\/","url":"https:\/\/www.corestone.ch\/wp-content\/uploads\/2018\/10\/corestonefreestanding-copy_png.png","contentUrl":"https:\/\/www.corestone.ch\/wp-content\/uploads\/2018\/10\/corestonefreestanding-copy_png.png","width":664,"height":122,"caption":"Corestone Investment Managers AG"},"image":{"@id":"https:\/\/www.corestone.ch\/#\/schema\/logo\/image\/"}}]}},"_links":{"self":[{"href":"https:\/\/www.corestone.ch\/de\/wp-json\/wp\/v2\/pages\/412","targetHints":{"allow":["GET"]}}],"collection":[{"href":"https:\/\/www.corestone.ch\/de\/wp-json\/wp\/v2\/pages"}],"about":[{"href":"https:\/\/www.corestone.ch\/de\/wp-json\/wp\/v2\/types\/page"}],"author":[{"embeddable":true,"href":"https:\/\/www.corestone.ch\/de\/wp-json\/wp\/v2\/users\/8"}],"replies":[{"embeddable":true,"href":"https:\/\/www.corestone.ch\/de\/wp-json\/wp\/v2\/comments?post=412"}],"version-history":[{"count":5,"href":"https:\/\/www.corestone.ch\/de\/wp-json\/wp\/v2\/pages\/412\/revisions"}],"predecessor-version":[{"id":3642,"href":"https:\/\/www.corestone.ch\/de\/wp-json\/wp\/v2\/pages\/412\/revisions\/3642"}],"wp:attachment":[{"href":"https:\/\/www.corestone.ch\/de\/wp-json\/wp\/v2\/media?parent=412"}],"curies":[{"name":"wp","href":"https:\/\/api.w.org\/{rel}","templated":true}]}}